{"id":404,"date":"2021-11-08T15:20:40","date_gmt":"2021-11-08T14:20:40","guid":{"rendered":"http:\/\/yann-veslin-coach.com\/index.php\/offres\/"},"modified":"2023-03-07T17:03:07","modified_gmt":"2023-03-07T16:03:07","slug":"offres","status":"publish","type":"page","link":"https:\/\/yann-veslin-coach.com\/index.php\/offres\/","title":{"rendered":"Offres"},"content":{"rendered":"<div data-colibri-id=\"404-c1\" class=\"style-788 style-local-404-c1 position-relative\">\r\n  <!---->\r\n  <div data-colibri-component=\"section\" data-colibri-id=\"404-c2\" id=\"features\" class=\"h-section h-section-global-spacing d-flex align-items-lg-center align-items-md-center align-items-center style-843 style-local-404-c2 position-relative\">\r\n    <!---->\r\n    <!---->\r\n    <div class=\"h-section-grid-container h-section-boxed-container\">\r\n      <div data-colibri-id=\"404-c20\" class=\"h-row-container gutters-row-lg-2 gutters-row-md-2 gutters-row-0 gutters-row-v-lg-2 gutters-row-v-md-2 gutters-row-v-2 style-853 style-local-404-c20 position-relative\">\r\n        <!---->\r\n        <div class=\"h-row justify-content-lg-center justify-content-md-center justify-content-center align-items-lg-stretch align-items-md-stretch align-items-stretch gutters-col-lg-2 gutters-col-md-2 gutters-col-0 gutters-col-v-lg-2 gutters-col-v-md-2 gutters-col-v-2\">\r\n          <!---->\r\n          <div class=\"h-column h-column-container d-flex h-col-lg-auto h-col-md-auto h-col-auto style-854-outer style-local-404-c21-outer\">\r\n            <div data-colibri-id=\"404-c21\" class=\"d-flex h-flex-basis h-column__inner h-px-lg-2 h-px-md-2 h-px-2 v-inner-lg-2 v-inner-md-2 v-inner-2 style-854 style-local-404-c21 position-relative\">\r\n              <!---->\r\n              <!---->\r\n              <div class=\"w-100 h-y-container h-column__content h-column__v-align flex-basis-100 align-self-lg-start align-self-md-start align-self-start\">\r\n                <!---->\r\n                <div data-colibri-id=\"404-c22\" class=\"h-global-transition-all h-heading style-855 style-local-404-c22 position-relative h-element\">\r\n                  <!---->\r\n                  <div class=\"h-heading__outer style-855 style-local-404-c22\">\r\n                    <!---->\r\n                    <!---->\r\n                    <h2 class=\"\">Le coaching professionnel<\/h2>\r\n                  <\/div>\r\n                <\/div>\r\n                <div data-colibri-id=\"404-c23\" class=\"h-lead h-text h-text-component style-856 style-local-404-c23 position-relative h-element\">\r\n                  <!---->\r\n                  <!---->\r\n                  <div class=\"\">\r\n                    <p>Aujourd&rsquo;hui, un dirigeant <span style=\"color: rgb(37, 41, 42); font-family: &quot;Open Sans&quot;; font-size: 20px; font-weight: 300;\">sur deux a \u00e9t\u00e9 accompagn\u00e9 par un coach professionnel et la demande de coaching est croissante pour faire face aux d\u00e9fis actuels et aux \u00e9volutions des aspirations personnelles et professionnelles des nouvelles g\u00e9n\u00e9rations.&nbsp;<\/span>\r\n                      <br>\r\n                      <br>Auparavant r\u00e9serv\u00e9 au top management, <strong>le coaching est d\u00e9sormais accessible \u00e0 tous<\/strong>.<\/p>\r\n                  <\/div>\r\n                <\/div>\r\n              <\/div>\r\n            <\/div>\r\n          <\/div>\r\n        <\/div>\r\n      <\/div>\r\n      <div data-colibri-id=\"404-c3\" class=\"h-row-container gutters-row-lg-2 gutters-row-md-2 gutters-row-2 gutters-row-v-lg-2 gutters-row-v-md-2 gutters-row-v-2 style-844 style-local-404-c3 position-relative\">\r\n        <!---->\r\n        <div class=\"h-row justify-content-lg-center justify-content-md-center justify-content-center align-items-lg-stretch align-items-md-stretch align-items-stretch gutters-col-lg-2 gutters-col-md-2 gutters-col-2 gutters-col-v-lg-2 gutters-col-v-md-2 gutters-col-v-2\">\r\n          <!---->\r\n          <div class=\"h-column h-column-container d-flex h-col-lg-4 h-col-md-6 h-col-12 style-845-outer style-local-404-c4-outer\">\r\n            <div data-colibri-id=\"404-c4\" class=\"d-flex h-flex-basis h-column__inner h-px-lg-0 h-px-md-0 h-px-0 v-inner-lg-0 v-inner-md-0 v-inner-0 style-845 style-local-404-c4 position-relative\">\r\n              <!---->\r\n              <!---->\r\n              <div class=\"w-100 h-y-container h-column__content h-column__v-align flex-basis-100 align-self-lg-start align-self-md-start align-self-start\">\r\n                <!---->\r\n                <div data-colibri-id=\"404-c5\" class=\"d-block style-846 style-local-404-c5 position-relative h-element\">\r\n                  <!---->\r\n                  <div class=\"h-image__frame-container-outer\">\r\n                    <div class=\"h-image__frame-container\">\r\n                      <!---->\r\n                      <!---->\r\n                      <img decoding=\"async\" loading=\"lazy\" width=\"2375\" height=\"1583\" src=\"https:\/\/yann-veslin-coach.com\/wp-content\/uploads\/2022\/01\/USA_Boston_Chess_phoneaddiction_bnw_funny_streetphotoRetouche.jpg\" class=\"wp-image-935 style-846-image style-local-404-c5-image\" srcset=\"https:\/\/yann-veslin-coach.com\/wp-content\/uploads\/2022\/01\/USA_Boston_Chess_phoneaddiction_bnw_funny_streetphotoRetouche.jpg 2375w, https:\/\/yann-veslin-coach.com\/wp-content\/uploads\/2022\/01\/USA_Boston_Chess_phoneaddiction_bnw_funny_streetphotoRetouche-300x200.jpg 300w, https:\/\/yann-veslin-coach.com\/wp-content\/uploads\/2022\/01\/USA_Boston_Chess_phoneaddiction_bnw_funny_streetphotoRetouche-1024x683.jpg 1024w, https:\/\/yann-veslin-coach.com\/wp-content\/uploads\/2022\/01\/USA_Boston_Chess_phoneaddiction_bnw_funny_streetphotoRetouche-768x512.jpg 768w, https:\/\/yann-veslin-coach.com\/wp-content\/uploads\/2022\/01\/USA_Boston_Chess_phoneaddiction_bnw_funny_streetphotoRetouche-1536x1024.jpg 1536w, https:\/\/yann-veslin-coach.com\/wp-content\/uploads\/2022\/01\/USA_Boston_Chess_phoneaddiction_bnw_funny_streetphotoRetouche-2048x1365.jpg 2048w\" sizes=\"(max-width: 2375px) 100vw, 2375px\" alt=\"\" \/>\r\n                      <div class=\"h-image__frame h-hide-lg h-hide-md h-hide-sm style-846-frameImage style-local-404-c5-frameImage\"><\/div>\r\n                    <\/div>\r\n                  <\/div>\r\n                <\/div>\r\n                <div data-colibri-id=\"404-c6\" class=\"h-row-container gutters-row-lg-0 gutters-row-md-0 gutters-row-2 gutters-row-v-lg-0 gutters-row-v-md-0 gutters-row-v-2 style-847 style-local-404-c6 position-relative\">\r\n                  <!---->\r\n                  <div class=\"h-row justify-content-lg-center justify-content-md-center justify-content-center align-items-lg-stretch align-items-md-stretch align-items-stretch gutters-col-lg-0 gutters-col-md-0 gutters-col-2 gutters-col-v-lg-0 gutters-col-v-md-0 gutters-col-v-2\">\r\n                    <!---->\r\n                    <div class=\"h-column h-column-container d-flex h-col-lg-auto h-col-md-auto h-col-auto style-848-outer style-local-404-c7-outer\">\r\n                      <div data-colibri-id=\"404-c7\" class=\"d-flex h-flex-basis h-column__inner h-px-lg-2 h-px-md-3 h-px-2 v-inner-lg-2 v-inner-md-3 v-inner-2 style-848 style-local-404-c7 position-relative\">\r\n                        <!---->\r\n                        <!---->\r\n                        <div class=\"w-100 h-y-container h-column__content h-column__v-align flex-basis-100 align-self-lg-start align-self-md-start align-self-start\">\r\n                          <!---->\r\n                          <div data-colibri-id=\"404-c8\" class=\"h-global-transition-all h-heading style-849 style-local-404-c8 position-relative h-element\">\r\n                            <!---->\r\n                            <div class=\"h-heading__outer style-849 style-local-404-c8\">\r\n                              <!---->\r\n                              <!---->\r\n                              <h4 class=\"\">Particuliers<\/h4>\r\n                            <\/div>\r\n                          <\/div>\r\n                          <div data-colibri-id=\"404-c9\" class=\"h-text h-text-component style-850 style-local-404-c9 position-relative h-element\">\r\n                            <!---->\r\n                            <!---->\r\n                            <div class=\"\">\r\n                              <p>Besoin d&rsquo;y voir plus clair ?\r\n                                <br>\r\n                                <br>\r\n                                <br>\r\n                              <\/p>\r\n                            <\/div>\r\n                          <\/div>\r\n                        <\/div>\r\n                      <\/div>\r\n                    <\/div>\r\n                  <\/div>\r\n                <\/div>\r\n                <div data-colibri-id=\"404-c10\" class=\"h-x-container style-851 style-local-404-c10 position-relative h-element\">\r\n                  <!---->\r\n                  <div class=\"h-x-container-inner style-dynamic-404-c10-group style-851-spacing style-local-404-c10-spacing\"><span class=\"h-link__outer style-852-outer style-local-404-c11-outer d-inline-flex h-element\"><a h-use-smooth-scroll=\"true\" href=\"https:\/\/yann-veslin-coach.com\/index.php\/particuliers\/\"  data-colibri-id=\"404-c11\" class=\"d-flex w-100 align-items-center h-link style-852 style-local-404-c11 position-relative\"><!----><!----> <span>Lire la suite<\/span>                    <span class=\"h-svg-icon h-link__icon style-852-icon style-local-404-c11-icon\"><!--Icon by Icons8 Line Awesome (https:\/\/icons8.com\/line-awesome)--><svg version=\"1.1\" xmlns=\"http:\/\/www.w3.org\/2000\/svg\" xmlns:xlink=\"http:\/\/www.w3.org\/1999\/xlink\" id=\"angle-double-right\" viewBox=\"0 0 512 545.5\"><path d=\"M145.5 108.5l168 168L325 288l-11.5 11.5-168 168-22.5-23L279.5 288 123 131.5zm112 0l168 168L437 288l-11.5 11.5-168 168-22.5-23L391.5 288 235 131.5z\"><\/path><\/svg><\/span><\/a>\r\n                    <\/span>\r\n                  <\/div>\r\n                <\/div>\r\n              <\/div>\r\n            <\/div>\r\n          <\/div>\r\n          <div class=\"h-column h-column-container d-flex h-col-lg-4 h-col-md-6 h-col-12 style-845-outer style-local-404-c12-outer\">\r\n            <div data-colibri-id=\"404-c12\" class=\"d-flex h-flex-basis h-column__inner h-px-lg-0 h-px-md-0 h-px-0 v-inner-lg-0 v-inner-md-0 v-inner-0 style-845 style-local-404-c12 position-relative\">\r\n              <!---->\r\n              <!---->\r\n              <div class=\"w-100 h-y-container h-column__content h-column__v-align flex-basis-100 align-self-lg-start align-self-md-start align-self-start\">\r\n                <!---->\r\n                <div data-colibri-id=\"404-c13\" class=\"d-block style-846 style-local-404-c13 position-relative h-element\">\r\n                  <!---->\r\n                  <div class=\"h-image__frame-container-outer\">\r\n                    <div class=\"h-image__frame-container\">\r\n                      <!---->\r\n                      <!---->\r\n                      <img decoding=\"async\" loading=\"lazy\" width=\"2560\" height=\"1707\" src=\"https:\/\/yann-veslin-coach.com\/wp-content\/uploads\/2022\/01\/IMG_2829Retouche-scaled.jpg\" class=\"wp-image-937 style-846-image style-local-404-c13-image\" srcset=\"https:\/\/yann-veslin-coach.com\/wp-content\/uploads\/2022\/01\/IMG_2829Retouche-scaled.jpg 2560w, https:\/\/yann-veslin-coach.com\/wp-content\/uploads\/2022\/01\/IMG_2829Retouche-300x200.jpg 300w, https:\/\/yann-veslin-coach.com\/wp-content\/uploads\/2022\/01\/IMG_2829Retouche-1024x683.jpg 1024w, https:\/\/yann-veslin-coach.com\/wp-content\/uploads\/2022\/01\/IMG_2829Retouche-768x512.jpg 768w, https:\/\/yann-veslin-coach.com\/wp-content\/uploads\/2022\/01\/IMG_2829Retouche-1536x1024.jpg 1536w, https:\/\/yann-veslin-coach.com\/wp-content\/uploads\/2022\/01\/IMG_2829Retouche-2048x1365.jpg 2048w\" sizes=\"(max-width: 2560px) 100vw, 2560px\" alt=\"\" \/>\r\n                      <div class=\"h-image__frame h-hide-lg h-hide-md h-hide-sm style-846-frameImage style-local-404-c13-frameImage\"><\/div>\r\n                    <\/div>\r\n                  <\/div>\r\n                <\/div>\r\n                <div data-colibri-id=\"404-c14\" class=\"h-row-container gutters-row-lg-0 gutters-row-md-0 gutters-row-2 gutters-row-v-lg-0 gutters-row-v-md-0 gutters-row-v-2 style-847 style-local-404-c14 position-relative\">\r\n                  <!---->\r\n                  <div class=\"h-row justify-content-lg-center justify-content-md-center justify-content-center align-items-lg-stretch align-items-md-stretch align-items-stretch gutters-col-lg-0 gutters-col-md-0 gutters-col-2 gutters-col-v-lg-0 gutters-col-v-md-0 gutters-col-v-2\">\r\n                    <!---->\r\n                    <div class=\"h-column h-column-container d-flex h-col-lg-auto h-col-md-auto h-col-auto style-848-outer style-local-404-c15-outer\">\r\n                      <div data-colibri-id=\"404-c15\" class=\"d-flex h-flex-basis h-column__inner h-px-lg-2 h-px-md-3 h-px-2 v-inner-lg-2 v-inner-md-3 v-inner-2 style-848 style-local-404-c15 position-relative\">\r\n                        <!---->\r\n                        <!---->\r\n                        <div class=\"w-100 h-y-container h-column__content h-column__v-align flex-basis-100 align-self-lg-start align-self-md-start align-self-start\">\r\n                          <!---->\r\n                          <div data-colibri-id=\"404-c16\" class=\"h-global-transition-all h-heading style-849 style-local-404-c16 position-relative h-element\">\r\n                            <!---->\r\n                            <div class=\"h-heading__outer style-849 style-local-404-c16\">\r\n                              <!---->\r\n                              <!---->\r\n                              <h4 class=\"\">Entreprises<\/h4>\r\n                            <\/div>\r\n                          <\/div>\r\n                          <div data-colibri-id=\"404-c17\" class=\"h-text h-text-component style-850 style-local-404-c17 position-relative h-element\">\r\n                            <!---->\r\n                            <!---->\r\n                            <div class=\"\">\r\n                              <p>Besoin de mieux travailler en \u00e9quipe ou d&rsquo;attirer\/garder des talents dans votre entreprise ?<\/p>\r\n                            <\/div>\r\n                          <\/div>\r\n                        <\/div>\r\n                      <\/div>\r\n                    <\/div>\r\n                  <\/div>\r\n                <\/div>\r\n                <div data-colibri-id=\"404-c18\" class=\"h-x-container style-851 style-local-404-c18 position-relative h-element\">\r\n                  <!---->\r\n                  <div class=\"h-x-container-inner style-dynamic-404-c18-group style-851-spacing style-local-404-c18-spacing\"><span class=\"h-link__outer style-852-outer style-local-404-c19-outer d-inline-flex h-element\"><a h-use-smooth-scroll=\"true\" href=\"https:\/\/ynitia.com\"  data-colibri-id=\"404-c19\" class=\"d-flex w-100 align-items-center h-link style-852 style-local-404-c19 position-relative\"><!----><!----> <span>Lire la suite<\/span>                    <span class=\"h-svg-icon h-link__icon style-852-icon style-local-404-c19-icon\"><!--Icon by Icons8 Line Awesome (https:\/\/icons8.com\/line-awesome)--><svg version=\"1.1\" xmlns=\"http:\/\/www.w3.org\/2000\/svg\" xmlns:xlink=\"http:\/\/www.w3.org\/1999\/xlink\" id=\"angle-double-right\" viewBox=\"0 0 512 545.5\"><path d=\"M145.5 108.5l168 168L325 288l-11.5 11.5-168 168-22.5-23L279.5 288 123 131.5zm112 0l168 168L437 288l-11.5 11.5-168 168-22.5-23L391.5 288 235 131.5z\"><\/path><\/svg><\/span><\/a>\r\n                    <\/span>\r\n                  <\/div>\r\n                <\/div>\r\n              <\/div>\r\n            <\/div>\r\n          <\/div>\r\n        <\/div>\r\n      <\/div>\r\n    <\/div>\r\n  <\/div>\r\n<\/div>","protected":false},"excerpt":{"rendered":"<p>Le coaching professionnel Aujourd&rsquo;hui, un dirigeant sur deux a \u00e9t\u00e9 accompagn\u00e9 par un coach professionnel et la demande de coaching est croissante pour faire face aux d\u00e9fis actuels et aux \u00e9volutions des aspirations personnelles et professionnelles des nouvelles g\u00e9n\u00e9rations.&nbsp; Auparavant r\u00e9serv\u00e9 au top management, le coaching est d\u00e9sormais accessible \u00e0 tous. Particuliers Besoin d&rsquo;y voir [&hellip;]<\/p>\n","protected":false},"author":1,"featured_media":0,"parent":0,"menu_order":0,"comment_status":"closed","ping_status":"closed","template":"page-templates\/full-width-page.php","meta":[],"yoast_head":"<!-- This site is optimized with the Yoast SEO plugin v18.3 - https:\/\/yoast.com\/wordpress\/plugins\/seo\/ -->\n<title>Offres - yann-veslin-coach.com<\/title>\n<meta name=\"robots\" content=\"index, follow, max-snippet:-1, max-image-preview:large, max-video-preview:-1\" \/>\n<link rel=\"canonical\" href=\"https:\/\/yann-veslin-coach.com\/index.php\/offres\/\" \/>\n<meta property=\"og:locale\" content=\"fr_FR\" \/>\n<meta property=\"og:type\" content=\"article\" \/>\n<meta property=\"og:title\" content=\"Offres - yann-veslin-coach.com\" \/>\n<meta property=\"og:description\" content=\"Le coaching professionnel Aujourd&rsquo;hui, un dirigeant sur deux a \u00e9t\u00e9 accompagn\u00e9 par un coach professionnel et la demande de coaching est croissante pour faire face aux d\u00e9fis actuels et aux \u00e9volutions des aspirations personnelles et professionnelles des nouvelles g\u00e9n\u00e9rations.&nbsp; Auparavant r\u00e9serv\u00e9 au top management, le coaching est d\u00e9sormais accessible \u00e0 tous. Particuliers Besoin d&rsquo;y voir [&hellip;]\" \/>\n<meta property=\"og:url\" content=\"https:\/\/yann-veslin-coach.com\/index.php\/offres\/\" \/>\n<meta property=\"og:site_name\" content=\"yann-veslin-coach.com\" \/>\n<meta property=\"article:modified_time\" content=\"2023-03-07T16:03:07+00:00\" \/>\n<meta property=\"og:image\" content=\"https:\/\/yann-veslin-coach.com\/wp-content\/uploads\/2022\/01\/USA_Boston_Chess_phoneaddiction_bnw_funny_streetphotoRetouche.jpg\" \/>\n<meta name=\"twitter:card\" content=\"summary_large_image\" \/>\n<script type=\"application\/ld+json\" class=\"yoast-schema-graph\">{\"@context\":\"https:\/\/schema.org\",\"@graph\":[{\"@type\":\"WebSite\",\"@id\":\"https:\/\/yann-veslin-coach.com\/#website\",\"url\":\"https:\/\/yann-veslin-coach.com\/\",\"name\":\"yann-veslin-coach.com\",\"description\":\"Le partenaire pour votre vie professionnelle\",\"potentialAction\":[{\"@type\":\"SearchAction\",\"target\":{\"@type\":\"EntryPoint\",\"urlTemplate\":\"https:\/\/yann-veslin-coach.com\/?s={search_term_string}\"},\"query-input\":\"required name=search_term_string\"}],\"inLanguage\":\"fr-FR\"},{\"@type\":\"ImageObject\",\"@id\":\"https:\/\/yann-veslin-coach.com\/index.php\/offres\/#primaryimage\",\"inLanguage\":\"fr-FR\",\"url\":\"https:\/\/yann-veslin-coach.com\/wp-content\/uploads\/2022\/01\/USA_Boston_Chess_phoneaddiction_bnw_funny_streetphotoRetouche.jpg\",\"contentUrl\":\"https:\/\/yann-veslin-coach.com\/wp-content\/uploads\/2022\/01\/USA_Boston_Chess_phoneaddiction_bnw_funny_streetphotoRetouche.jpg\",\"width\":2375,\"height\":1583},{\"@type\":\"WebPage\",\"@id\":\"https:\/\/yann-veslin-coach.com\/index.php\/offres\/#webpage\",\"url\":\"https:\/\/yann-veslin-coach.com\/index.php\/offres\/\",\"name\":\"Offres - yann-veslin-coach.com\",\"isPartOf\":{\"@id\":\"https:\/\/yann-veslin-coach.com\/#website\"},\"primaryImageOfPage\":{\"@id\":\"https:\/\/yann-veslin-coach.com\/index.php\/offres\/#primaryimage\"},\"datePublished\":\"2021-11-08T14:20:40+00:00\",\"dateModified\":\"2023-03-07T16:03:07+00:00\",\"breadcrumb\":{\"@id\":\"https:\/\/yann-veslin-coach.com\/index.php\/offres\/#breadcrumb\"},\"inLanguage\":\"fr-FR\",\"potentialAction\":[{\"@type\":\"ReadAction\",\"target\":[\"https:\/\/yann-veslin-coach.com\/index.php\/offres\/\"]}]},{\"@type\":\"BreadcrumbList\",\"@id\":\"https:\/\/yann-veslin-coach.com\/index.php\/offres\/#breadcrumb\",\"itemListElement\":[{\"@type\":\"ListItem\",\"position\":1,\"name\":\"Accueil\",\"item\":\"https:\/\/yann-veslin-coach.com\/\"},{\"@type\":\"ListItem\",\"position\":2,\"name\":\"Offres\"}]}]}<\/script>\n<!-- \/ Yoast SEO plugin. -->","yoast_head_json":{"title":"Offres - yann-veslin-coach.com","robots":{"index":"index","follow":"follow","max-snippet":"max-snippet:-1","max-image-preview":"max-image-preview:large","max-video-preview":"max-video-preview:-1"},"canonical":"https:\/\/yann-veslin-coach.com\/index.php\/offres\/","og_locale":"fr_FR","og_type":"article","og_title":"Offres - yann-veslin-coach.com","og_description":"Le coaching professionnel Aujourd&rsquo;hui, un dirigeant sur deux a \u00e9t\u00e9 accompagn\u00e9 par un coach professionnel et la demande de coaching est croissante pour faire face aux d\u00e9fis actuels et aux \u00e9volutions des aspirations personnelles et professionnelles des nouvelles g\u00e9n\u00e9rations.&nbsp; Auparavant r\u00e9serv\u00e9 au top management, le coaching est d\u00e9sormais accessible \u00e0 tous. Particuliers Besoin d&rsquo;y voir [&hellip;]","og_url":"https:\/\/yann-veslin-coach.com\/index.php\/offres\/","og_site_name":"yann-veslin-coach.com","article_modified_time":"2023-03-07T16:03:07+00:00","og_image":[{"url":"https:\/\/yann-veslin-coach.com\/wp-content\/uploads\/2022\/01\/USA_Boston_Chess_phoneaddiction_bnw_funny_streetphotoRetouche.jpg"}],"twitter_card":"summary_large_image","schema":{"@context":"https:\/\/schema.org","@graph":[{"@type":"WebSite","@id":"https:\/\/yann-veslin-coach.com\/#website","url":"https:\/\/yann-veslin-coach.com\/","name":"yann-veslin-coach.com","description":"Le partenaire pour votre vie professionnelle","potentialAction":[{"@type":"SearchAction","target":{"@type":"EntryPoint","urlTemplate":"https:\/\/yann-veslin-coach.com\/?s={search_term_string}"},"query-input":"required name=search_term_string"}],"inLanguage":"fr-FR"},{"@type":"ImageObject","@id":"https:\/\/yann-veslin-coach.com\/index.php\/offres\/#primaryimage","inLanguage":"fr-FR","url":"https:\/\/yann-veslin-coach.com\/wp-content\/uploads\/2022\/01\/USA_Boston_Chess_phoneaddiction_bnw_funny_streetphotoRetouche.jpg","contentUrl":"https:\/\/yann-veslin-coach.com\/wp-content\/uploads\/2022\/01\/USA_Boston_Chess_phoneaddiction_bnw_funny_streetphotoRetouche.jpg","width":2375,"height":1583},{"@type":"WebPage","@id":"https:\/\/yann-veslin-coach.com\/index.php\/offres\/#webpage","url":"https:\/\/yann-veslin-coach.com\/index.php\/offres\/","name":"Offres - yann-veslin-coach.com","isPartOf":{"@id":"https:\/\/yann-veslin-coach.com\/#website"},"primaryImageOfPage":{"@id":"https:\/\/yann-veslin-coach.com\/index.php\/offres\/#primaryimage"},"datePublished":"2021-11-08T14:20:40+00:00","dateModified":"2023-03-07T16:03:07+00:00","breadcrumb":{"@id":"https:\/\/yann-veslin-coach.com\/index.php\/offres\/#breadcrumb"},"inLanguage":"fr-FR","potentialAction":[{"@type":"ReadAction","target":["https:\/\/yann-veslin-coach.com\/index.php\/offres\/"]}]},{"@type":"BreadcrumbList","@id":"https:\/\/yann-veslin-coach.com\/index.php\/offres\/#breadcrumb","itemListElement":[{"@type":"ListItem","position":1,"name":"Accueil","item":"https:\/\/yann-veslin-coach.com\/"},{"@type":"ListItem","position":2,"name":"Offres"}]}]}},"_links":{"self":[{"href":"https:\/\/yann-veslin-coach.com\/index.php\/wp-json\/wp\/v2\/pages\/404"}],"collection":[{"href":"https:\/\/yann-veslin-coach.com\/index.php\/wp-json\/wp\/v2\/pages"}],"about":[{"href":"https:\/\/yann-veslin-coach.com\/index.php\/wp-json\/wp\/v2\/types\/page"}],"author":[{"embeddable":true,"href":"https:\/\/yann-veslin-coach.com\/index.php\/wp-json\/wp\/v2\/users\/1"}],"replies":[{"embeddable":true,"href":"https:\/\/yann-veslin-coach.com\/index.php\/wp-json\/wp\/v2\/comments?post=404"}],"version-history":[{"count":6,"href":"https:\/\/yann-veslin-coach.com\/index.php\/wp-json\/wp\/v2\/pages\/404\/revisions"}],"predecessor-version":[{"id":985,"href":"https:\/\/yann-veslin-coach.com\/index.php\/wp-json\/wp\/v2\/pages\/404\/revisions\/985"}],"wp:attachment":[{"href":"https:\/\/yann-veslin-coach.com\/index.php\/wp-json\/wp\/v2\/media?parent=404"}],"curies":[{"name":"wp","href":"https:\/\/api.w.org\/{rel}","templated":true}]}}