{"id":5,"date":"2019-01-28T16:53:30","date_gmt":"2019-01-28T15:53:30","guid":{"rendered":"http:\/\/adi.extendstudio.net\/site-28jan19-1852\/index.php\/colibriwp\/"},"modified":"2023-03-07T17:01:26","modified_gmt":"2023-03-07T16:01:26","slug":"accueil","status":"publish","type":"page","link":"https:\/\/yann-veslin-coach.com\/","title":{"rendered":"Accueil"},"content":{"rendered":"<div data-colibri-id=\"5-c1\" class=\"style-311 style-local-5-c1 position-relative\">\r\n  <!---->\r\n  <div data-colibri-component=\"section\" data-colibri-id=\"5-c2\" id=\"about\" class=\"h-section h-section-global-spacing d-flex align-items-lg-center align-items-md-center align-items-center style-689 style-local-5-c2 position-relative\">\r\n    <!---->\r\n    <!---->\r\n    <div class=\"h-section-grid-container h-section-boxed-container\">\r\n      <!---->\r\n      <div data-colibri-id=\"5-c3\" class=\"h-row-container gutters-row-lg-0 gutters-row-md-0 gutters-row-0 gutters-row-v-lg-0 gutters-row-v-md-0 gutters-row-v-0 style-690 style-local-5-c3 position-relative\">\r\n        <!---->\r\n        <div class=\"h-row justify-content-lg-center justify-content-md-center justify-content-center align-items-lg-stretch align-items-md-stretch align-items-stretch gutters-col-lg-0 gutters-col-md-0 gutters-col-0 gutters-col-v-lg-0 gutters-col-v-md-0 gutters-col-v-0\">\r\n          <!---->\r\n          <div class=\"h-column h-column-container d-flex h-col-lg-auto h-col-md-auto h-col-auto style-691-outer style-local-5-c4-outer h-hide-sm\">\r\n            <div data-colibri-id=\"5-c4\" class=\"d-flex h-flex-basis h-column__inner h-ui-empty-state-container h-px-lg-0 h-px-md-0 h-px-0 v-inner-lg-0 v-inner-md-0 v-inner-0 style-691 style-local-5-c4 h-hide-sm position-relative\">\r\n              <!---->\r\n              <!---->\r\n              <div class=\"w-100 h-y-container h-column__content h-column__v-align flex-basis-100\">\r\n                <!---->\r\n              <\/div>\r\n            <\/div>\r\n          <\/div>\r\n          <div class=\"h-column h-column-container d-flex h-col-lg-auto h-col-md-auto h-col-auto style-692-outer style-local-5-c5-outer\">\r\n            <div data-colibri-id=\"5-c5\" class=\"d-flex h-flex-basis h-column__inner h-px-lg-2 h-px-md-2 h-px-2 v-inner-lg-2 v-inner-md-2 v-inner-2 style-692 style-local-5-c5 position-relative\">\r\n              <!---->\r\n              <!---->\r\n              <div class=\"w-100 h-y-container h-column__content h-column__v-align flex-basis-100 align-self-lg-start align-self-md-start align-self-start\">\r\n                <!---->\r\n                <div data-colibri-id=\"5-c6\" class=\"h-global-transition-all h-heading style-694 style-local-5-c6 position-relative h-element\">\r\n                  <!---->\r\n                  <div class=\"h-heading__outer style-694 style-local-5-c6\">\r\n                    <!---->\r\n                    <!---->\r\n                    <h3 class=\"\">Mon mantra : \u00ab\u00a0<span style=\"font-family: &quot;Playfair Display&quot;;\">Connais-toi toi-m\u00eame<\/span>\u201d.\r\n                      <br>\r\n                      <br>Au c\u0153ur de mes engagements :\r\n                      <br>le <span style=\"font-family: &quot;Playfair Display&quot;;\">potentiel<\/span><em style=\"font-family: &quot;Playfair Display&quot;;\"> <\/em><span style=\"font-family: &quot;Playfair Display&quot;;\">humain.<\/span><\/h3>\r\n                  <\/div>\r\n                <\/div>\r\n                <div data-colibri-id=\"5-c7\" class=\"h-text h-text-component style-695 style-local-5-c7 position-relative h-element\">\r\n                  <!---->\r\n                  <!---->\r\n                  <div class=\"\">\r\n                    <p><span style=\"font-size: 11pt;\">Ing\u00e9nieur de formation, coach professionnel certifi\u00e9 et grand voyageur, j&rsquo;aime mettre des ET dans ma vie.<br><\/span><\/p>\r\n                    <p><span style=\"font-size: 14.6667px;\">Pendant plus de 20 ans, j&rsquo;ai \u00e9volu\u00e9 \u00e0 la SNCF sur des postes de manager jusqu&rsquo;au poste de Directeur d&rsquo;un centre de&nbsp;maintenance&nbsp;de plusieurs centaines de personnes.<\/span><span style=\"font-size: 11pt;\">&nbsp;<\/span>\r\n                      <br><span style=\"font-size: 11pt;\">J\u2019ai&nbsp;<\/span><span style=\"font-size: 14.6667px;\">travaill\u00e9<\/span><span style=\"font-size: 11pt;\"> \u00e0 Paris, Strasbourg, Tours, Nantes et Boston (USA), d\u00e9ployant \u00e0 chaque nouvelle aventure mes capacit\u00e9s&nbsp;<\/span>\r\n                      <span\r\n                        style=\"font-size: 14.6667px;\">d&rsquo;adaptation.<\/span>\r\n                        <br><span style=\"color: rgb(70, 112, 127); font-family: &quot;Open Sans&quot;; font-size: 11pt;\">Cadre Sup\u00e9rieur, promoteur de&nbsp;<\/span><span style=\"color: rgb(70, 112, 127); font-family: &quot;Open Sans&quot;; font-size: 14.6667px;\">l&rsquo;innovation et manager&nbsp;<\/span>\r\n                        <span\r\n                          style=\"font-size: 11pt;\">porteur de sens, je privil\u00e9gie la confiance et la bienveillance, gages pour moi de d\u00e9veloppement et de r\u00e9ussite.\r\n                          <br>En 2022 j&rsquo;ai fond\u00e9 Ynitia, pour mettre&nbsp;<\/span><span style=\"font-size: 14.6667px;\">mon&nbsp;exp\u00e9rience et mon \u00e9nergie&nbsp;au service de l&rsquo;Humain et des entreprises, comme sparring-partner et&nbsp;accompagnateur de vos d\u00e9fis.<\/span><\/p>\r\n                    <p><span style=\"font-size: 11pt;\">J&rsquo;ai une app\u00e9tence particuli\u00e8re pour la complexit\u00e9 (management, qu\u00eate de sens, reconversion) et l&rsquo;accompagnement d&rsquo;\u00e9quipes (conception et animation de s\u00e9minaires, travail d&rsquo;intelligence collective pour innover)<\/span>\r\n                      <span\r\n                        style=\"font-size: 14.6667px;\">.&nbsp;<\/span><span style=\"font-size: 11pt;\"><br>Avec \u00e9coute et&nbsp;<\/span><span style=\"font-size: 14.6667px; color: rgb(70, 112, 127); font-family: &quot;Open Sans&quot;;\">bienveillance, je ferai en sorte&nbsp;<\/span><span style=\"font-size: 11pt;\">que de notre relation naissent vos propres solutions.<\/span><\/p>\r\n                  <\/div>\r\n                <\/div>\r\n              <\/div>\r\n            <\/div>\r\n          <\/div>\r\n        <\/div>\r\n      <\/div>\r\n    <\/div>\r\n  <\/div>\r\n  <div data-colibri-component=\"section\" data-colibri-id=\"5-c8\" id=\"cta\" class=\"h-section h-section-global-spacing d-flex align-items-lg-center align-items-md-center align-items-center style-710 style-local-5-c8 position-relative\">\r\n    <div class=\"background-wrapper\">\r\n      <div class=\"background-layer background-layer-media-container-lg\">\r\n        <!---->\r\n        <div class=\"overlay-layer\">\r\n          <div class=\"overlay-image-layer\" style=\"background-color: rgb(255, 255, 255); opacity: 0.5;\"><\/div>\r\n        <\/div>\r\n      <\/div>\r\n      <div class=\"background-layer background-layer-media-container-md\">\r\n        <!---->\r\n        <div class=\"overlay-layer\">\r\n          <div class=\"overlay-image-layer\" style=\"background-color: rgb(255, 255, 255); opacity: 0.5;\"><\/div>\r\n        <\/div>\r\n      <\/div>\r\n      <div class=\"background-layer background-layer-media-container\">\r\n        <!---->\r\n        <div class=\"overlay-layer\">\r\n          <div class=\"overlay-image-layer\" style=\"background-color: rgb(255, 255, 255); opacity: 0.5;\"><\/div>\r\n        <\/div>\r\n      <\/div>\r\n    <\/div>\r\n    <!---->\r\n    <div class=\"h-section-grid-container h-section-boxed-container\">\r\n      <!---->\r\n      <div data-colibri-id=\"5-c9\" class=\"h-row-container gutters-row-lg-2 gutters-row-md-2 gutters-row-0 gutters-row-v-lg-2 gutters-row-v-md-2 gutters-row-v-2 style-711 style-local-5-c9 position-relative\">\r\n        <!---->\r\n        <div class=\"h-row justify-content-lg-center justify-content-md-center justify-content-center align-items-lg-stretch align-items-md-stretch align-items-stretch gutters-col-lg-2 gutters-col-md-2 gutters-col-0 gutters-col-v-lg-2 gutters-col-v-md-2 gutters-col-v-2\">\r\n          <!---->\r\n          <div class=\"h-column h-column-container d-flex h-col-lg-auto h-col-md-auto h-col-auto style-712-outer style-local-5-c10-outer\">\r\n            <div data-colibri-id=\"5-c10\" class=\"d-flex h-flex-basis h-column__inner h-px-lg-3 h-px-md-3 h-px-3 v-inner-lg-3 v-inner-md-3 v-inner-3 style-712 style-local-5-c10 position-relative\">\r\n              <!---->\r\n              <!---->\r\n              <div class=\"w-100 h-y-container h-column__content h-column__v-align flex-basis-100 align-self-lg-start align-self-md-start align-self-start\">\r\n                <!---->\r\n                <div data-colibri-id=\"5-c11\" class=\"h-global-transition-all h-heading style-713 style-local-5-c11 position-relative h-element\">\r\n                  <!---->\r\n                  <div class=\"h-heading__outer style-713 style-local-5-c11\">\r\n                    <!---->\r\n                    <!---->\r\n                    <h2 class=\"\">Contact<\/h2>\r\n                  <\/div>\r\n                <\/div>\r\n                <div data-colibri-id=\"5-c12\" class=\"h-x-container style-714 style-local-5-c12 position-relative h-element\">\r\n                  <!---->\r\n                  <div class=\"h-x-container-inner style-dynamic-5-c12-group style-714-spacing style-local-5-c12-spacing\"><span class=\"h-button__outer style-715-outer style-local-5-c13-outer d-inline-flex h-element\"><a h-use-smooth-scroll=\"true\" href=\"https:\/\/yann-veslin-coach.com\/index.php\/contact\/\"  data-colibri-id=\"5-c13\" class=\"d-flex w-100 align-items-center h-button justify-content-lg-center justify-content-md-center justify-content-center style-715 style-local-5-c13 position-relative\"><!----><!----> <span>Parlons-en<\/span><\/a>\r\n                    <\/span>\r\n                  <\/div>\r\n                <\/div>\r\n                <div data-colibri-id=\"5-c14\" class=\"h-row-container gutters-row-lg-2 gutters-row-md-2 gutters-row-0 gutters-row-v-lg-2 gutters-row-v-md-2 gutters-row-v-2 style-775 style-local-5-c14 position-relative\">\r\n                  <!---->\r\n                  <div class=\"h-row justify-content-lg-center justify-content-md-center justify-content-center align-items-lg-stretch align-items-md-stretch align-items-stretch gutters-col-lg-2 gutters-col-md-2 gutters-col-0 gutters-col-v-lg-2 gutters-col-v-md-2 gutters-col-v-2\">\r\n                    <!---->\r\n                    <div class=\"h-column h-column-container d-flex h-col-lg-auto h-col-md-auto h-col-auto style-776-outer style-local-5-c15-outer\">\r\n                      <div data-colibri-id=\"5-c15\" class=\"d-flex h-flex-basis h-column__inner h-px-lg-2 h-px-md-2 h-px-2 v-inner-lg-2 v-inner-md-2 v-inner-2 style-776 style-local-5-c15 position-relative\">\r\n                        <!---->\r\n                        <!---->\r\n                        <div class=\"w-100 h-y-container h-column__content h-column__v-align flex-basis-100 align-self-lg-start align-self-md-start align-self-start\">\r\n                          <!---->\r\n                          <div data-colibri-id=\"5-c16\" class=\"h-icon style-780 style-local-5-c16 position-relative h-element\">\r\n                            <!---->\r\n                            <a href=\"tel:+33627963568\" h-use-smooth-scroll=\"true\"><span class=\"h-svg-icon h-icon__icon style-780-icon style-local-5-c16-icon\"><!--Icon by Font Awesome (https:\/\/fontawesome.com)--><svg version=\"1.1\" xmlns=\"http:\/\/www.w3.org\/2000\/svg\" xmlns:xlink=\"http:\/\/www.w3.org\/1999\/xlink\" id=\"phone\" viewBox=\"0 0 1408 1896.0833\"><path d=\"M1408 1240q0 27-10 70.5t-21 68.5q-21 50-122 106-94 51-186 51-27 0-53-3.5t-57.5-12.5-47-14.5T856 1485t-49-18q-98-35-175-83-127-79-264-216T152 904q-48-77-83-175-3-9-18-49t-20.5-55.5-14.5-47T3.5 520 0 467q0-92 51-186 56-101 106-122 25-11 68.5-21t70.5-10q14 0 21 3 18 6 53 76 11 19 30 54t35 63.5 31 53.5q3 4 17.5 25t21.5 35.5 7 28.5q0 20-28.5 50t-62 55-62 53-28.5 46q0 9 5 22.5t8.5 20.5 14 24 11.5 19q76 137 174 235t235 174q2 1 19 11.5t24 14 20.5 8.5 22.5 5q18 0 46-28.5t53-62 55-62 50-28.5q14 0 28.5 7t35.5 21.5 25 17.5q25 15 53.5 31t63.5 35 54 30q70 35 76 53 3 7 3 21z\"><\/path><\/svg><\/span><\/a>\r\n                          <\/div>\r\n                          <div data-colibri-id=\"5-c17\" class=\"h-text h-text-component style-785 style-local-5-c17 position-relative h-element\">\r\n                            <!---->\r\n                            <!---->\r\n                            <div class=\"\">\r\n                              <p>\r\n                                <a href=\"tel:+33627963568\" target=\"_blank\" rel=\"noopener\">+33 6 27 96 35 68<\/a>\r\n                              <\/p>\r\n                            <\/div>\r\n                          <\/div>\r\n                        <\/div>\r\n                      <\/div>\r\n                    <\/div>\r\n                    <div class=\"h-column h-column-container d-flex h-col-lg-auto h-col-md-auto h-col-auto style-777-outer style-local-5-c18-outer\">\r\n                      <div data-colibri-id=\"5-c18\" class=\"d-flex h-flex-basis h-column__inner h-px-lg-2 h-px-md-2 h-px-2 v-inner-lg-2 v-inner-md-2 v-inner-2 style-777 style-local-5-c18 position-relative\">\r\n                        <!---->\r\n                        <!---->\r\n                        <div class=\"w-100 h-y-container h-column__content h-column__v-align flex-basis-100 align-self-lg-start align-self-md-start align-self-start\">\r\n                          <!---->\r\n                          <div data-colibri-id=\"5-c19\" class=\"h-icon style-782 style-local-5-c19 position-relative h-element\">\r\n                            <!---->\r\n                            <a href=\"mailto:yann.veslin@ynitia.com\" h-use-smooth-scroll=\"true\"><span class=\"h-svg-icon h-icon__icon style-782-icon style-local-5-c19-icon\"><!--Icon by Ionicons (https:\/\/ionicons.com)--><svg version=\"1.1\" xmlns=\"http:\/\/www.w3.org\/2000\/svg\" xmlns:xlink=\"http:\/\/www.w3.org\/1999\/xlink\" id=\"android-mail\" viewBox=\"0 0 448 512\"><path d=\"M405 80c23 0 43 20 43 43v266c0 23-20 43-43 43H43c-23 0-43-20-43-43V123c0-23 20-43 43-43h362zm-5 91v-43L224 245 48 128v43l176 117z\"><\/path><\/svg><\/span><\/a>\r\n                          <\/div>\r\n                          <div data-colibri-id=\"5-c20\" class=\"h-text h-text-component style-786 style-local-5-c20 position-relative h-element\">\r\n                            <!---->\r\n                            <!---->\r\n                            <div class=\"\">\r\n                              <p>yann.veslin\r\n                                <a href=\"mailto:yann.veslin@ynitia.com\" target=\"_blank\" rel=\"noopener\">@ynitia.com<\/a>\r\n                              <\/p>\r\n                            <\/div>\r\n                          <\/div>\r\n                        <\/div>\r\n                      <\/div>\r\n                    <\/div>\r\n                    <div class=\"h-column h-column-container d-flex h-col-lg-auto h-col-md-auto h-col-auto style-778-outer style-local-5-c21-outer\">\r\n                      <div data-colibri-id=\"5-c21\" class=\"d-flex h-flex-basis h-column__inner h-px-lg-2 h-px-md-2 h-px-2 v-inner-lg-2 v-inner-md-2 v-inner-2 style-778 style-local-5-c21 position-relative\">\r\n                        <!---->\r\n                        <!---->\r\n                        <div class=\"w-100 h-y-container h-column__content h-column__v-align flex-basis-100 align-self-lg-start align-self-md-start align-self-start\">\r\n                          <!---->\r\n                          <div data-colibri-id=\"5-c22\" class=\"h-icon style-784 style-local-5-c22 position-relative h-element\">\r\n                            <!----><span class=\"h-svg-icon h-icon__icon style-784-icon style-local-5-c22-icon\"><!--Icon by Ionicons (https:\/\/ionicons.com)--><svg version=\"1.1\" xmlns=\"http:\/\/www.w3.org\/2000\/svg\" xmlns:xlink=\"http:\/\/www.w3.org\/1999\/xlink\" id=\"location\" viewBox=\"0 0 239 512\"><path d=\"M119 64c66 0 120 54 120 120 0 115-120 264-120 264S0 299 0 184C0 118 53 64 119 64zm0 178c31 0 57-25 57-56s-26-57-57-57-56 26-56 57 25 56 56 56z\"><\/path><\/svg><\/span><\/div>\r\n                          <div\r\n                            data-colibri-id=\"5-c23\" class=\"h-text h-text-component style-787 style-local-5-c23 position-relative h-element\">\r\n                            <!---->\r\n                            <!---->\r\n                            <div class=\"\">\r\n                              <p><span style=\"font-weight: 400; font-size: 14px; font-family: arial, sans-serif; color: rgb(246, 247, 250);\">9 Av. des Amethystes<\/span><span style=\"font-weight: 400; font-size: 14px; font-family: arial, sans-serif; color: rgb(32, 33, 36);\">&nbsp;<\/span>\r\n                                <br>44300 NANTES<\/p>\r\n                            <\/div>\r\n                        <\/div>\r\n                      <\/div>\r\n                    <\/div>\r\n                  <\/div>\r\n                <\/div>\r\n              <\/div>\r\n            <\/div>\r\n          <\/div>\r\n        <\/div>\r\n      <\/div>\r\n    <\/div>\r\n  <\/div>\r\n<\/div>\r\n<\/div>","protected":false},"excerpt":{"rendered":"<p>Mon mantra : \u00ab\u00a0Connais-toi toi-m\u00eame\u201d. Au c\u0153ur de mes engagements : le potentiel humain. Ing\u00e9nieur de formation, coach professionnel certifi\u00e9 et grand voyageur, j&rsquo;aime mettre des ET dans ma vie. Pendant plus de 20 ans, j&rsquo;ai \u00e9volu\u00e9 \u00e0 la SNCF sur des postes de manager jusqu&rsquo;au poste de Directeur d&rsquo;un centre de&nbsp;maintenance&nbsp;de plusieurs centaines de [&hellip;]<\/p>\n","protected":false},"author":1,"featured_media":0,"parent":0,"menu_order":0,"comment_status":"closed","ping_status":"closed","template":"page-templates\/full-width-page.php","meta":[],"yoast_head":"<!-- This site is optimized with the Yoast SEO plugin v18.3 - https:\/\/yoast.com\/wordpress\/plugins\/seo\/ -->\n<title>Yann Veslin - Coach professionnel<\/title>\n<meta name=\"description\" content=\"Coach professionnel, je vous aide \u00e0 d\u00e9velopper votre potentiel, activer vos ressources internes et ouvrir le champ des possibles. Nantes et sa r\u00e9gion.\" \/>\n<meta name=\"robots\" content=\"index, follow, max-snippet:-1, max-image-preview:large, max-video-preview:-1\" \/>\n<link rel=\"canonical\" href=\"https:\/\/yann-veslin-coach.com\/\" \/>\n<meta property=\"og:locale\" content=\"fr_FR\" \/>\n<meta property=\"og:type\" content=\"article\" \/>\n<meta property=\"og:title\" content=\"Yann Veslin - Coach professionnel\" \/>\n<meta property=\"og:description\" content=\"Coach professionnel, je vous aide \u00e0 d\u00e9velopper votre potentiel, activer vos ressources internes et ouvrir le champ des possibles. Nantes et sa r\u00e9gion.\" \/>\n<meta property=\"og:url\" content=\"https:\/\/yann-veslin-coach.com\/\" \/>\n<meta property=\"og:site_name\" content=\"yann-veslin-coach.com\" \/>\n<meta property=\"article:modified_time\" content=\"2023-03-07T16:01:26+00:00\" \/>\n<meta name=\"twitter:card\" content=\"summary_large_image\" \/>\n<meta name=\"twitter:label1\" content=\"Dur\u00e9e de lecture estim\u00e9e\" \/>\n\t<meta name=\"twitter:data1\" content=\"1 minute\" \/>\n<script type=\"application\/ld+json\" class=\"yoast-schema-graph\">{\"@context\":\"https:\/\/schema.org\",\"@graph\":[{\"@type\":\"WebSite\",\"@id\":\"https:\/\/yann-veslin-coach.com\/#website\",\"url\":\"https:\/\/yann-veslin-coach.com\/\",\"name\":\"yann-veslin-coach.com\",\"description\":\"Le partenaire pour votre vie professionnelle\",\"potentialAction\":[{\"@type\":\"SearchAction\",\"target\":{\"@type\":\"EntryPoint\",\"urlTemplate\":\"https:\/\/yann-veslin-coach.com\/?s={search_term_string}\"},\"query-input\":\"required name=search_term_string\"}],\"inLanguage\":\"fr-FR\"},{\"@type\":\"WebPage\",\"@id\":\"https:\/\/yann-veslin-coach.com\/#webpage\",\"url\":\"https:\/\/yann-veslin-coach.com\/\",\"name\":\"Yann Veslin - Coach professionnel\",\"isPartOf\":{\"@id\":\"https:\/\/yann-veslin-coach.com\/#website\"},\"datePublished\":\"2019-01-28T15:53:30+00:00\",\"dateModified\":\"2023-03-07T16:01:26+00:00\",\"description\":\"Coach professionnel, je vous aide \u00e0 d\u00e9velopper votre potentiel, activer vos ressources internes et ouvrir le champ des possibles. Nantes et sa r\u00e9gion.\",\"breadcrumb\":{\"@id\":\"https:\/\/yann-veslin-coach.com\/#breadcrumb\"},\"inLanguage\":\"fr-FR\",\"potentialAction\":[{\"@type\":\"ReadAction\",\"target\":[\"https:\/\/yann-veslin-coach.com\/\"]}]},{\"@type\":\"BreadcrumbList\",\"@id\":\"https:\/\/yann-veslin-coach.com\/#breadcrumb\",\"itemListElement\":[{\"@type\":\"ListItem\",\"position\":1,\"name\":\"Accueil\",\"item\":\"https:\/\/yann-veslin-coach.com\/\"},{\"@type\":\"ListItem\",\"position\":2,\"name\":\"Accueil\"}]}]}<\/script>\n<!-- \/ Yoast SEO plugin. -->","yoast_head_json":{"title":"Yann Veslin - Coach professionnel","description":"Coach professionnel, je vous aide \u00e0 d\u00e9velopper votre potentiel, activer vos ressources internes et ouvrir le champ des possibles. Nantes et sa r\u00e9gion.","robots":{"index":"index","follow":"follow","max-snippet":"max-snippet:-1","max-image-preview":"max-image-preview:large","max-video-preview":"max-video-preview:-1"},"canonical":"https:\/\/yann-veslin-coach.com\/","og_locale":"fr_FR","og_type":"article","og_title":"Yann Veslin - Coach professionnel","og_description":"Coach professionnel, je vous aide \u00e0 d\u00e9velopper votre potentiel, activer vos ressources internes et ouvrir le champ des possibles. Nantes et sa r\u00e9gion.","og_url":"https:\/\/yann-veslin-coach.com\/","og_site_name":"yann-veslin-coach.com","article_modified_time":"2023-03-07T16:01:26+00:00","twitter_card":"summary_large_image","twitter_misc":{"Dur\u00e9e de lecture estim\u00e9e":"1 minute"},"schema":{"@context":"https:\/\/schema.org","@graph":[{"@type":"WebSite","@id":"https:\/\/yann-veslin-coach.com\/#website","url":"https:\/\/yann-veslin-coach.com\/","name":"yann-veslin-coach.com","description":"Le partenaire pour votre vie professionnelle","potentialAction":[{"@type":"SearchAction","target":{"@type":"EntryPoint","urlTemplate":"https:\/\/yann-veslin-coach.com\/?s={search_term_string}"},"query-input":"required name=search_term_string"}],"inLanguage":"fr-FR"},{"@type":"WebPage","@id":"https:\/\/yann-veslin-coach.com\/#webpage","url":"https:\/\/yann-veslin-coach.com\/","name":"Yann Veslin - Coach professionnel","isPartOf":{"@id":"https:\/\/yann-veslin-coach.com\/#website"},"datePublished":"2019-01-28T15:53:30+00:00","dateModified":"2023-03-07T16:01:26+00:00","description":"Coach professionnel, je vous aide \u00e0 d\u00e9velopper votre potentiel, activer vos ressources internes et ouvrir le champ des possibles. Nantes et sa r\u00e9gion.","breadcrumb":{"@id":"https:\/\/yann-veslin-coach.com\/#breadcrumb"},"inLanguage":"fr-FR","potentialAction":[{"@type":"ReadAction","target":["https:\/\/yann-veslin-coach.com\/"]}]},{"@type":"BreadcrumbList","@id":"https:\/\/yann-veslin-coach.com\/#breadcrumb","itemListElement":[{"@type":"ListItem","position":1,"name":"Accueil","item":"https:\/\/yann-veslin-coach.com\/"},{"@type":"ListItem","position":2,"name":"Accueil"}]}]}},"_links":{"self":[{"href":"https:\/\/yann-veslin-coach.com\/index.php\/wp-json\/wp\/v2\/pages\/5"}],"collection":[{"href":"https:\/\/yann-veslin-coach.com\/index.php\/wp-json\/wp\/v2\/pages"}],"about":[{"href":"https:\/\/yann-veslin-coach.com\/index.php\/wp-json\/wp\/v2\/types\/page"}],"author":[{"embeddable":true,"href":"https:\/\/yann-veslin-coach.com\/index.php\/wp-json\/wp\/v2\/users\/1"}],"replies":[{"embeddable":true,"href":"https:\/\/yann-veslin-coach.com\/index.php\/wp-json\/wp\/v2\/comments?post=5"}],"version-history":[{"count":20,"href":"https:\/\/yann-veslin-coach.com\/index.php\/wp-json\/wp\/v2\/pages\/5\/revisions"}],"predecessor-version":[{"id":1406,"href":"https:\/\/yann-veslin-coach.com\/index.php\/wp-json\/wp\/v2\/pages\/5\/revisions\/1406"}],"wp:attachment":[{"href":"https:\/\/yann-veslin-coach.com\/index.php\/wp-json\/wp\/v2\/media?parent=5"}],"curies":[{"name":"wp","href":"https:\/\/api.w.org\/{rel}","templated":true}]}}